{"id":3789,"date":"2021-07-05T13:57:19","date_gmt":"2021-07-05T18:57:19","guid":{"rendered":"https:\/\/www.eic-canada.ca\/processus-distance\/"},"modified":"2026-03-06T12:07:08","modified_gmt":"2026-03-06T17:07:08","slug":"remote-internship-process","status":"publish","type":"page","link":"https:\/\/www.eic-canada.ca\/en\/remote-internship-process\/","title":{"rendered":"Remote Internship Process"},"content":{"rendered":"<p>[vc_row cmt_bgimagefixed=&#8221;&#8221; css=&#8221;.vc_custom_1759433275062{padding-top: 30px !important;padding-bottom: 30px !important;}&#8221;][vc_column]\n        <div \n                                class=\"eic-title-template-widget \" \n                style=\"text-align: left;\">\n            \n        <span style=\"\n                font-size:   12px;\n                font-weight: bold;\n                color:       #0067ed;\n                letter-spacing: 1px;\n                text-transform: uppercase;\">\n            the remote process        \n        <\/span>\n\n        \n        <h1 style=\"\n                font-weight: 300;\n                font-style:  normal;\n                color:       ;\">\n            The <b>Steps<\/b> of the Program\n        <\/h1>\n        \n                <\/div>\n        [vc_raw_html]VGhlJTIwJTNDc3Ryb25nJTNFRUlDJTIwcmVtb3RlJTIwaW50ZXJuc2hpcCUyMHByb2dyYW0lM0MlMkZzdHJvbmclM0UlMjBmb2xsb3dzJTIwYSUyMGNsZWFyJTIwc2V0JTIwb2YlMjBzdGVwcyUyMGRlc2lnbmVkJTIwdG8lMjBoZWxwJTIweW91JTIwJTNDc3Ryb25nJTNFY29sbGFib3JhdGUlMjB3aXRoJTIwQ2FuYWRpYW4lMjBjb21wYW5pZXMlM0MlMkZzdHJvbmclM0UlMjBhbmQlMjAlM0NzdHJvbmclM0VkZXZlbG9wJTIwcmVjb2duaXplZCUyMHByb2Zlc3Npb25hbCUyMHNraWxscyUzQyUyRnN0cm9uZyUzRSUyMHdpdGhvdXQlMjBoYXZpbmclMjB0byUyMHRyYXZlbC4lM0NiciUzRSUwQVRoaXMlMjBmb3JtYXQlMjBwcm92aWRlcyUyMGElMjAlM0NzdHJvbmclM0VzdHJ1Y3R1cmVkJTIwaW50ZXJuYXRpb25hbCUyMGV4cGVyaWVuY2UlM0MlMkZzdHJvbmclM0UlMjB0aGF0JTIwJTNDc3Ryb25nJTNFZW5oYW5jZXMlMjBib3RoJTIweW91ciUyMGFjYWRlbWljJTIwYW5kJTIwcHJvZmVzc2lvbmFsJTIwcHJvZmlsZSUzQyUyRnN0cm9uZyUzRS4=[\/vc_raw_html]\n        <div \n                                class =\"eic-subtitle-template-widget \" style=\"\n                text-align: left\">\n            <h3 style=\"\n                    font-weight: 300;\n                    font-style:  normal;\n                    color:       ;\">\n                <b>Before<\/b> your Remote Internship\n            <\/h3>\n        <\/div>\n\n        [vc_raw_html]RGlzY292ZXIlMjB0aGUlMjBwcmVwYXJhdG9yeSUyMHN0YWdlcyUyMG9mJTIwdGhlJTIwcHJvZ3JhbSUzQSUyMGFwcGxpY2F0aW9uJTJDJTIwc2VsZWN0aW9uJTIwYW5kJTIwbmV0d29ya2luZyUyMHdpdGglMjBwYXJ0bmVyJTIwY29tcGFuaWVzLg==[\/vc_raw_html][vc_single_image image=&#8221;10521&#8243; img_size=&#8221;large&#8221; alignment=&#8221;center&#8221;][\/vc_column][\/vc_row][vc_row cmt_bgcolor=&#8221;grey&#8221; cmt_bgimagefixed=&#8221;&#8221; break_in_responsive=&#8221;1200&#8243; full_width=&#8221;stretch_row&#8221; css=&#8221;.vc_custom_1759433283575{padding-top: 30px !important;padding-bottom: 30px !important;}&#8221;][vc_column]\n        <div \n                                class =\"eic-subtitle-template-widget \" style=\"\n                text-align: left\">\n            <h3 style=\"\n                    font-weight: 300;\n                    font-style:  normal;\n                    color:       ;\">\n                <b>During<\/b> Your Remote Internship\n            <\/h3>\n        <\/div>\n\n        [vc_raw_html]Rm9sbG93JTIwdGhlJTIwc3RlcHMlMjByZWxhdGVkJTIwdG8lMjB0aGUlMjBpbnRlcm5zaGlwJTIwcHJvY2VzcyUzQSUyMG9uYm9hcmRpbmclMkMlMjBhc3NpZ25lZCUyMHRhc2tzJTIwYW5kJTIwbW9uaXRvcmluZyUyMG9mJTIweW91ciUyMHByb2dyZXNzJTIwYnklMjBFSUMu[\/vc_raw_html][vc_single_image image=&#8221;10523&#8243; img_size=&#8221;large&#8221; alignment=&#8221;center&#8221;][\/vc_column][\/vc_row][vc_row cmt_bgimagefixed=&#8221;&#8221; css=&#8221;.vc_custom_1759433298380{padding-top: 30px !important;padding-bottom: 50px !important;}&#8221;][vc_column]\n        <div \n                                class =\"eic-subtitle-template-widget \" style=\"\n                text-align: left\">\n            <h3 style=\"\n                    font-weight: 300;\n                    font-style:  normal;\n                    color:       ;\">\n                <b>After<\/b> Your Remote Internship\n            <\/h3>\n        <\/div>\n\n        [vc_raw_html]TGVhcm4lMjBob3clMjB0byUyMHZhbHVlJTIweW91ciUyMGV4cGVyaWVuY2UlMkMlMjBzdHJlbmd0aGVuJTIweW91ciUyMHJlc3VtZSUyQyUyMGFuZCUyMGFjY2VzcyUyMG5ldyUyMG9wcG9ydHVuaXRpZXMlMjB3aXRoJTIwQ2FuYWRpYW4lMjBjb21wYW5pZXMu[\/vc_raw_html][vc_single_image image=&#8221;10525&#8243; img_size=&#8221;large&#8221; alignment=&#8221;center&#8221;][vc_column_text css=&#8221;.vc_custom_1763751357730{padding-top: 15px !important;}&#8221;]<\/p>\n<h3 style=\"text-align: center;\"><strong><i>Turn your internship into a springboard!<\/i><\/strong><\/h3>\n<h4 style=\"text-align: center;\">Join the EIC program and benefit from structured support, from the internship search through to the end of your experience.<\/h4>\n<p>[\/vc_column_text]\n        <!-- Rendering -->\n        <div \n                                class=\"eic-button-template-widget \" \n                style=\"--txt-align: center\">\n            <a \n                    href= \"https:\/\/soumissions.eic-canada.ca\/soumission-demande-1\"\n                    class=\"eic-button is-hover is-color medium\" \n                    style=\"--font-style:  normal; --font-weight: 700; --color:       #ffffff; --background-color: #0067ed\">\n                                <span>\n                    Join the program!                <\/span>\n\n            <\/a>\n        <\/div>\n\n        [\/vc_column][\/vc_row]<\/p>\n","protected":false},"excerpt":{"rendered":"<p>[vc_row cmt_bgimagefixed=&#8221;&#8221; css=&#8221;.vc_custom_1759433275062{padding-top: 30px !important;padding-bottom: 30px !important;}&#8221;][vc_column][vc_raw_html]VGhlJTIwJTNDc3Ryb25nJTNFRUlDJTIwcmVtb3RlJTIwaW50ZXJuc2hpcCUyMHByb2dyYW0lM0MlMkZzdHJvbmclM0UlMjBmb2xsb3dzJTIwYSUyMGNsZWFyJTIwc2V0JTIwb2YlMjBzdGVwcyUyMGRlc2lnbmVkJTIwdG8lMjBoZWxwJTIweW91JTIwJTNDc3Ryb25nJTNFY29sbGFib3JhdGUlMjB3aXRoJTIwQ2FuYWRpYW4lMjBjb21wYW5pZXMlM0MlMkZzdHJvbmclM0UlMjBhbmQlMjAlM0NzdHJvbmclM0VkZXZlbG9wJTIwcmVjb2duaXplZCUyMHByb2Zlc3Npb25hbCUyMHNraWxscyUzQyUyRnN0cm9uZyUzRSUyMHdpdGhvdXQlMjBoYXZpbmclMjB0byUyMHRyYXZlbC4lM0NiciUzRSUwQVRoaXMlMjBmb3JtYXQlMjBwcm92aWRlcyUyMGElMjAlM0NzdHJvbmclM0VzdHJ1Y3R1cmVkJTIwaW50ZXJuYXRpb25hbCUyMGV4cGVyaWVuY2UlM0MlMkZzdHJvbmclM0UlMjB0aGF0JTIwJTNDc3Ryb25nJTNFZW5oYW5jZXMlMjBib3RoJTIweW91ciUyMGFjYWRlbWljJTIwYW5kJTIwcHJvZmVzc2lvbmFsJTIwcHJvZmlsZSUzQyUyRnN0cm9uZyUzRS4=[\/vc_raw_html][vc_raw_html]RGlzY292ZXIlMjB0aGUlMjBwcmVwYXJhdG9yeSUyMHN0YWdlcyUyMG9mJTIwdGhlJTIwcHJvZ3JhbSUzQSUyMGFwcGxpY2F0aW9uJTJDJTIwc2VsZWN0aW9uJTIwYW5kJTIwbmV0d29ya2luZyUyMHdpdGglMjBwYXJ0bmVyJTIwY29tcGFuaWVzLg==[\/vc_raw_html][vc_single_image image=&#8221;10521&#8243; img_size=&#8221;large&#8221; alignment=&#8221;center&#8221;][\/vc_column][\/vc_row][vc_row cmt_bgcolor=&#8221;grey&#8221; cmt_bgimagefixed=&#8221;&#8221; break_in_responsive=&#8221;1200&#8243; full_width=&#8221;stretch_row&#8221; css=&#8221;.vc_custom_1759433283575{padding-top: 30px !important;padding-bottom: 30px !important;}&#8221;][vc_column][vc_raw_html]Rm9sbG93JTIwdGhlJTIwc3RlcHMlMjByZWxhdGVkJTIwdG8lMjB0aGUlMjBpbnRlcm5zaGlwJTIwcHJvY2VzcyUzQSUyMG9uYm9hcmRpbmclMkMlMjBhc3NpZ25lZCUyMHRhc2tzJTIwYW5kJTIwbW9uaXRvcmluZyUyMG9mJTIweW91ciUyMHByb2dyZXNzJTIwYnklMjBFSUMu[\/vc_raw_html][vc_single_image image=&#8221;10523&#8243; img_size=&#8221;large&#8221; alignment=&#8221;center&#8221;][\/vc_column][\/vc_row][vc_row cmt_bgimagefixed=&#8221;&#8221; css=&#8221;.vc_custom_1759433298380{padding-top: 30px !important;padding-bottom: 50px !important;}&#8221;][vc_column][vc_raw_html]TGVhcm4lMjBob3clMjB0byUyMHZhbHVlJTIweW91ciUyMGV4cGVyaWVuY2UlMkMlMjBzdHJlbmd0aGVuJTIweW91ciUyMHJlc3VtZSUyQyUyMGFuZCUyMGFjY2VzcyUyMG5ldyUyMG9wcG9ydHVuaXRpZXMlMjB3aXRoJTIwQ2FuYWRpYW4lMjBjb21wYW5pZXMu[\/vc_raw_html][vc_single_image image=&#8221;10525&#8243; img_size=&#8221;large&#8221; alignment=&#8221;center&#8221;][vc_column_text css=&#8221;.vc_custom_1763751357730{padding-top: 15px !important;}&#8221;] Turn your internship into a springboard! Join the EIC program and benefit from structured support, from the internship search through to &hellip; <a href=\"https:\/\/www.eic-canada.ca\/en\/remote-internship-process\/\" class=\"more-link\">Continue reading <span class=\"screen-reader-text\">Remote Internship Process<\/span><\/a><\/p>\n","protected":false},"author":1,"featured_media":0,"parent":0,"menu_order":0,"comment_status":"closed","ping_status":"closed","template":"","meta":{"content-type":"","footnotes":""},"class_list":["post-3789","page","type-page","status-publish","hentry"],"yoast_head":"<!-- This site is optimized with the Yoast SEO plugin v27.3 - https:\/\/yoast.com\/product\/yoast-seo-wordpress\/ -->\n<title>Remote Internship Process - Experience Internship Canada<\/title>\n<meta name=\"description\" content=\"Nous vous guiderons \u00e0 travers chaque \u00e9tape du processus de votre stage \u00e0 distance au Canada. Faites votre demande en ligne !\" \/>\n<meta name=\"robots\" content=\"index, follow, max-snippet:-1, max-image-preview:large, max-video-preview:-1\" \/>\n<link rel=\"canonical\" href=\"https:\/\/www.eic-canada.ca\/processus-stage-a-distance\/\" \/>\n<meta property=\"og:locale\" content=\"en_US\" \/>\n<meta property=\"og:type\" content=\"article\" \/>\n<meta property=\"og:title\" content=\"Remote Internship Process - Experience Internship Canada\" \/>\n<meta property=\"og:description\" content=\"Nous vous guiderons \u00e0 travers chaque \u00e9tape du processus de votre stage \u00e0 distance au Canada. Faites votre demande en ligne !\" \/>\n<meta property=\"og:url\" content=\"https:\/\/www.eic-canada.ca\/processus-stage-a-distance\/\" \/>\n<meta property=\"og:site_name\" content=\"Experience Internship Canada\" \/>\n<meta property=\"article:publisher\" content=\"https:\/\/www.facebook.com\/internship.canada.eic\" \/>\n<meta property=\"article:modified_time\" content=\"2026-03-06T17:07:08+00:00\" \/>\n<meta name=\"twitter:card\" content=\"summary_large_image\" \/>\n<meta name=\"twitter:label1\" content=\"Est. reading time\" \/>\n\t<meta name=\"twitter:data1\" content=\"1 minute\" \/>\n<script type=\"application\/ld+json\" class=\"yoast-schema-graph\">{\"@context\":\"https:\\\/\\\/schema.org\",\"@graph\":[{\"@type\":\"WebPage\",\"@id\":\"https:\\\/\\\/www.eic-canada.ca\\\/processus-stage-a-distance\\\/\",\"url\":\"https:\\\/\\\/www.eic-canada.ca\\\/processus-stage-a-distance\\\/\",\"name\":\"Remote Internship Process - Experience Internship Canada\",\"isPartOf\":{\"@id\":\"https:\\\/\\\/www.eic-canada.ca\\\/#website\"},\"datePublished\":\"2021-07-05T18:57:19+00:00\",\"dateModified\":\"2026-03-06T17:07:08+00:00\",\"description\":\"Nous vous guiderons \u00e0 travers chaque \u00e9tape du processus de votre stage \u00e0 distance au Canada. Faites votre demande en ligne !\",\"breadcrumb\":{\"@id\":\"https:\\\/\\\/www.eic-canada.ca\\\/processus-stage-a-distance\\\/#breadcrumb\"},\"inLanguage\":\"en-US\",\"potentialAction\":[{\"@type\":\"ReadAction\",\"target\":[\"https:\\\/\\\/www.eic-canada.ca\\\/processus-stage-a-distance\\\/\"]}]},{\"@type\":\"BreadcrumbList\",\"@id\":\"https:\\\/\\\/www.eic-canada.ca\\\/processus-stage-a-distance\\\/#breadcrumb\",\"itemListElement\":[{\"@type\":\"ListItem\",\"position\":1,\"name\":\"Accueil\",\"item\":\"https:\\\/\\\/www.eic-canada.ca\\\/en\\\/\"},{\"@type\":\"ListItem\",\"position\":2,\"name\":\"Remote Internship Process\"}]},{\"@type\":\"WebSite\",\"@id\":\"https:\\\/\\\/www.eic-canada.ca\\\/#website\",\"url\":\"https:\\\/\\\/www.eic-canada.ca\\\/\",\"name\":\"Experience Internship Canada\",\"description\":\"Find your next internship in Canada\",\"publisher\":{\"@id\":\"https:\\\/\\\/www.eic-canada.ca\\\/#organization\"},\"potentialAction\":[{\"@type\":\"SearchAction\",\"target\":{\"@type\":\"EntryPoint\",\"urlTemplate\":\"https:\\\/\\\/www.eic-canada.ca\\\/?s={search_term_string}\"},\"query-input\":{\"@type\":\"PropertyValueSpecification\",\"valueRequired\":true,\"valueName\":\"search_term_string\"}}],\"inLanguage\":\"en-US\"},{\"@type\":\"Organization\",\"@id\":\"https:\\\/\\\/www.eic-canada.ca\\\/#organization\",\"name\":\"Experience Internship Canada\",\"url\":\"https:\\\/\\\/www.eic-canada.ca\\\/\",\"logo\":{\"@type\":\"ImageObject\",\"inLanguage\":\"en-US\",\"@id\":\"https:\\\/\\\/www.eic-canada.ca\\\/#\\\/schema\\\/logo\\\/image\\\/\",\"url\":\"https:\\\/\\\/www.eic-canada.ca\\\/wp-content\\\/uploads\\\/2025\\\/10\\\/android-chrome-192x192-1.png\",\"contentUrl\":\"https:\\\/\\\/www.eic-canada.ca\\\/wp-content\\\/uploads\\\/2025\\\/10\\\/android-chrome-192x192-1.png\",\"width\":192,\"height\":192,\"caption\":\"Experience Internship Canada\"},\"image\":{\"@id\":\"https:\\\/\\\/www.eic-canada.ca\\\/#\\\/schema\\\/logo\\\/image\\\/\"},\"sameAs\":[\"https:\\\/\\\/www.facebook.com\\\/internship.canada.eic\"]}]}<\/script>\n<!-- \/ Yoast SEO plugin. -->","yoast_head_json":{"title":"Remote Internship Process - Experience Internship Canada","description":"Nous vous guiderons \u00e0 travers chaque \u00e9tape du processus de votre stage \u00e0 distance au Canada. Faites votre demande en ligne !","robots":{"index":"index","follow":"follow","max-snippet":"max-snippet:-1","max-image-preview":"max-image-preview:large","max-video-preview":"max-video-preview:-1"},"canonical":"https:\/\/www.eic-canada.ca\/processus-stage-a-distance\/","og_locale":"en_US","og_type":"article","og_title":"Remote Internship Process - Experience Internship Canada","og_description":"Nous vous guiderons \u00e0 travers chaque \u00e9tape du processus de votre stage \u00e0 distance au Canada. Faites votre demande en ligne !","og_url":"https:\/\/www.eic-canada.ca\/processus-stage-a-distance\/","og_site_name":"Experience Internship Canada","article_publisher":"https:\/\/www.facebook.com\/internship.canada.eic","article_modified_time":"2026-03-06T17:07:08+00:00","twitter_card":"summary_large_image","twitter_misc":{"Est. reading time":"1 minute"},"schema":{"@context":"https:\/\/schema.org","@graph":[{"@type":"WebPage","@id":"https:\/\/www.eic-canada.ca\/processus-stage-a-distance\/","url":"https:\/\/www.eic-canada.ca\/processus-stage-a-distance\/","name":"Remote Internship Process - Experience Internship Canada","isPartOf":{"@id":"https:\/\/www.eic-canada.ca\/#website"},"datePublished":"2021-07-05T18:57:19+00:00","dateModified":"2026-03-06T17:07:08+00:00","description":"Nous vous guiderons \u00e0 travers chaque \u00e9tape du processus de votre stage \u00e0 distance au Canada. Faites votre demande en ligne !","breadcrumb":{"@id":"https:\/\/www.eic-canada.ca\/processus-stage-a-distance\/#breadcrumb"},"inLanguage":"en-US","potentialAction":[{"@type":"ReadAction","target":["https:\/\/www.eic-canada.ca\/processus-stage-a-distance\/"]}]},{"@type":"BreadcrumbList","@id":"https:\/\/www.eic-canada.ca\/processus-stage-a-distance\/#breadcrumb","itemListElement":[{"@type":"ListItem","position":1,"name":"Accueil","item":"https:\/\/www.eic-canada.ca\/en\/"},{"@type":"ListItem","position":2,"name":"Remote Internship Process"}]},{"@type":"WebSite","@id":"https:\/\/www.eic-canada.ca\/#website","url":"https:\/\/www.eic-canada.ca\/","name":"Experience Internship Canada","description":"Find your next internship in Canada","publisher":{"@id":"https:\/\/www.eic-canada.ca\/#organization"},"potentialAction":[{"@type":"SearchAction","target":{"@type":"EntryPoint","urlTemplate":"https:\/\/www.eic-canada.ca\/?s={search_term_string}"},"query-input":{"@type":"PropertyValueSpecification","valueRequired":true,"valueName":"search_term_string"}}],"inLanguage":"en-US"},{"@type":"Organization","@id":"https:\/\/www.eic-canada.ca\/#organization","name":"Experience Internship Canada","url":"https:\/\/www.eic-canada.ca\/","logo":{"@type":"ImageObject","inLanguage":"en-US","@id":"https:\/\/www.eic-canada.ca\/#\/schema\/logo\/image\/","url":"https:\/\/www.eic-canada.ca\/wp-content\/uploads\/2025\/10\/android-chrome-192x192-1.png","contentUrl":"https:\/\/www.eic-canada.ca\/wp-content\/uploads\/2025\/10\/android-chrome-192x192-1.png","width":192,"height":192,"caption":"Experience Internship Canada"},"image":{"@id":"https:\/\/www.eic-canada.ca\/#\/schema\/logo\/image\/"},"sameAs":["https:\/\/www.facebook.com\/internship.canada.eic"]}]}},"_links":{"self":[{"href":"https:\/\/www.eic-canada.ca\/en\/wp-json\/wp\/v2\/pages\/3789","targetHints":{"allow":["GET"]}}],"collection":[{"href":"https:\/\/www.eic-canada.ca\/en\/wp-json\/wp\/v2\/pages"}],"about":[{"href":"https:\/\/www.eic-canada.ca\/en\/wp-json\/wp\/v2\/types\/page"}],"author":[{"embeddable":true,"href":"https:\/\/www.eic-canada.ca\/en\/wp-json\/wp\/v2\/users\/1"}],"replies":[{"embeddable":true,"href":"https:\/\/www.eic-canada.ca\/en\/wp-json\/wp\/v2\/comments?post=3789"}],"version-history":[{"count":8,"href":"https:\/\/www.eic-canada.ca\/en\/wp-json\/wp\/v2\/pages\/3789\/revisions"}],"predecessor-version":[{"id":11721,"href":"https:\/\/www.eic-canada.ca\/en\/wp-json\/wp\/v2\/pages\/3789\/revisions\/11721"}],"wp:attachment":[{"href":"https:\/\/www.eic-canada.ca\/en\/wp-json\/wp\/v2\/media?parent=3789"}],"curies":[{"name":"wp","href":"https:\/\/api.w.org\/{rel}","templated":true}]}}